{"id":48,"date":"2025-05-12T10:22:55","date_gmt":"2025-05-12T08:22:55","guid":{"rendered":"https:\/\/cleanoo.hu\/?page_id=48"},"modified":"2025-05-13T09:29:47","modified_gmt":"2025-05-13T07:29:47","slug":"kapcsolat","status":"publish","type":"page","link":"https:\/\/cleanoo.hu\/index.php\/kapcsolat\/","title":{"rendered":"Kapcsolat"},"content":{"rendered":"\n<hr class=\"wp-block-separator has-text-color has-vivid-cyan-blue-color has-alpha-channel-opacity has-vivid-cyan-blue-background-color has-background is-style-wide\"\/>\n\n\n\n<p class=\"has-featured-color has-text-color has-link-color has-superbfont-large-font-size wp-elements-9ff83b50c721b9e9a73562784572e527\"><strong>Rendel\u00e9s lead\u00e1sa: <\/strong><\/p>\n\n\n\n<p class=\"has-featured-color has-text-color has-link-color wp-elements-ea4567d65e67b825049bd8dad0f80419\"><strong>E-mailben: <\/strong><a href=\"mailto:rendeles@cleanoo.hu\" target=\"_blank\" rel=\"noreferrer noopener\">rendeles@cleanoo.hu<\/a><br><strong>az al\u00e1bbi adatok megad\u00e1s\u00e1val:<\/strong><\/p>\n\n\n\n<ul class=\"wp-block-list\">\n<li class=\"has-featured-color has-text-color has-link-color wp-elements-35af2d161be3abdf5cac72272fa5c0ad\">A term\u00e9kek pontos neve (azonos\u00edt\u00f3sz\u00e1ma),<\/li>\n\n\n\n<li class=\"has-featured-color has-text-color has-link-color wp-elements-95c7203568015a0cb64c756abb9ba22b\">a k\u00e9rt mennyis\u00e9g egy\u00e9rtelm\u0171en megjel\u00f6lve,<\/li>\n\n\n\n<li class=\"has-featured-color has-text-color has-link-color wp-elements-65ed617b08ce937757c4f1c57efe9fcf\">kisz\u00e1ll\u00edt\u00e1si c\u00edm,<\/li>\n\n\n\n<li class=\"has-featured-color has-text-color has-link-color wp-elements-56c4735877bae79e27f465b46503fcc6\">sz\u00e1ml\u00e1z\u00e1si n\u00e9v \u00e9s c\u00edm.<\/li>\n<\/ul>\n\n\n\n<hr class=\"wp-block-separator has-text-color has-vivid-cyan-blue-color has-alpha-channel-opacity has-vivid-cyan-blue-background-color has-background is-style-wide\"\/>\n\n\n\n<p class=\"has-featured-color has-text-color has-link-color has-superbfont-large-font-size wp-elements-22cccf1365c43969465f187d0bb96ae3\"><strong>\u00c9rdekl\u0151d\u00e9s:<\/strong><\/p>\n\n\n\n<p class=\"has-featured-color has-text-color has-link-color wp-elements-2707839e0844e65c67e2e5872956c13d\"><strong>\u00c1rlist\u00e1k k\u00e9r\u00e9se, megkeres\u00e9s partneri kapcsolatra: <\/strong>Hal\u00e1sz Kl\u00e1ra +36703861720<br><strong>Term\u00e9kekkel, adatokkal kapcsolatos \u00e9rdekl\u0151d\u00e9s:<\/strong> <a href=\"mailto:info@cleanoo.hu\" target=\"_blank\" rel=\"noreferrer noopener\">info@cleanoo.hu<\/a><\/p>\n\n\n\n<hr class=\"wp-block-separator has-text-color has-vivid-cyan-blue-color has-alpha-channel-opacity has-vivid-cyan-blue-background-color has-background is-style-wide\"\/>\n\n\n\n<p class=\"has-featured-color has-text-color has-link-color has-superbfont-large-font-size wp-elements-0afe9fc9e2de324a125a02313080c0b6\"><strong>C\u00e9gadatok:<\/strong><\/p>\n\n\n\n<p class=\"has-featured-color has-text-color has-link-color wp-elements-a72b593a3983d821dc953bb42fa1b445\">Hal\u00e1sz Kl\u00e1ra egy\u00e9ni v\u00e1llalkoz\u00f3<br>Sz\u00e9khely: 2185 V\u00e1ckis\u00fajfalu, \u00dajtelep utca 8.<br>Ad\u00f3sz\u00e1m: 57899590-2-33<\/p>\n\n\n\n<figure class=\"wp-block-image aligncenter size-full is-resized\"><img loading=\"lazy\" decoding=\"async\" width=\"799\" height=\"599\" src=\"https:\/\/cleanoo.hu\/wp-content\/uploads\/2025\/05\/logo-sotet-1.png\" alt=\"\" class=\"wp-image-400\" style=\"width:391px;height:auto\" srcset=\"https:\/\/cleanoo.hu\/wp-content\/uploads\/2025\/05\/logo-sotet-1.png 799w, https:\/\/cleanoo.hu\/wp-content\/uploads\/2025\/05\/logo-sotet-1-300x225.png 300w, https:\/\/cleanoo.hu\/wp-content\/uploads\/2025\/05\/logo-sotet-1-768x576.png 768w\" sizes=\"auto, (max-width: 799px) 100vw, 799px\" \/><\/figure>\n","protected":false},"excerpt":{"rendered":"<p>Rendel\u00e9s lead\u00e1sa: E-mailben: rendeles@cleanoo.huaz al\u00e1bbi adatok megad\u00e1s\u00e1val: \u00c9rdekl\u0151d\u00e9s: \u00c1rlist\u00e1k k\u00e9r\u00e9se, megkeres\u00e9s partneri kapcsolatra: Hal\u00e1sz Kl\u00e1ra +36703861720Term\u00e9kekkel, adatokkal kapcsolatos \u00e9rdekl\u0151d\u00e9s: info@cleanoo.hu C\u00e9gadatok: Hal\u00e1sz Kl\u00e1ra egy\u00e9ni v\u00e1llalkoz\u00f3Sz\u00e9khely: 2185 V\u00e1ckis\u00fajfalu, \u00dajtelep utca 8.Ad\u00f3sz\u00e1m: 57899590-2-33<\/p>\n","protected":false},"author":2,"featured_media":0,"parent":0,"menu_order":0,"comment_status":"closed","ping_status":"closed","template":"","meta":{"footnotes":""},"class_list":["post-48","page","type-page","status-publish","hentry"],"yoast_head":"<!-- This site is optimized with the Yoast SEO plugin v27.4 - https:\/\/yoast.com\/product\/yoast-seo-wordpress\/ -->\n<title>Kapcsolat - cleanoo<\/title>\n<meta name=\"robots\" content=\"index, follow, max-snippet:-1, max-image-preview:large, max-video-preview:-1\" \/>\n<link rel=\"canonical\" href=\"https:\/\/cleanoo.hu\/index.php\/kapcsolat\/\" \/>\n<meta property=\"og:locale\" content=\"hu_HU\" \/>\n<meta property=\"og:type\" content=\"article\" \/>\n<meta property=\"og:title\" content=\"Kapcsolat - cleanoo\" \/>\n<meta property=\"og:description\" content=\"Rendel\u00e9s lead\u00e1sa: E-mailben: rendeles@cleanoo.huaz al\u00e1bbi adatok megad\u00e1s\u00e1val: \u00c9rdekl\u0151d\u00e9s: \u00c1rlist\u00e1k k\u00e9r\u00e9se, megkeres\u00e9s partneri kapcsolatra: Hal\u00e1sz Kl\u00e1ra +36703861720Term\u00e9kekkel, adatokkal kapcsolatos \u00e9rdekl\u0151d\u00e9s: info@cleanoo.hu C\u00e9gadatok: Hal\u00e1sz Kl\u00e1ra egy\u00e9ni v\u00e1llalkoz\u00f3Sz\u00e9khely: 2185 V\u00e1ckis\u00fajfalu, \u00dajtelep utca 8.Ad\u00f3sz\u00e1m: 57899590-2-33\" \/>\n<meta property=\"og:url\" content=\"https:\/\/cleanoo.hu\/index.php\/kapcsolat\/\" \/>\n<meta property=\"og:site_name\" content=\"cleanoo\" \/>\n<meta property=\"article:modified_time\" content=\"2025-05-13T07:29:47+00:00\" \/>\n<meta property=\"og:image\" content=\"https:\/\/cleanoo.hu\/wp-content\/uploads\/2025\/05\/logo-sotet-1.png\" \/>\n\t<meta property=\"og:image:width\" content=\"799\" \/>\n\t<meta property=\"og:image:height\" content=\"599\" \/>\n\t<meta property=\"og:image:type\" content=\"image\/png\" \/>\n<meta name=\"twitter:card\" content=\"summary_large_image\" \/>\n<meta name=\"twitter:label1\" content=\"Becs\u00fclt olvas\u00e1si id\u0151\" \/>\n\t<meta name=\"twitter:data1\" content=\"1 perc\" \/>\n<script type=\"application\/ld+json\" class=\"yoast-schema-graph\">{\"@context\":\"https:\\\/\\\/schema.org\",\"@graph\":[{\"@type\":\"WebPage\",\"@id\":\"https:\\\/\\\/cleanoo.hu\\\/index.php\\\/kapcsolat\\\/\",\"url\":\"https:\\\/\\\/cleanoo.hu\\\/index.php\\\/kapcsolat\\\/\",\"name\":\"Kapcsolat - cleanoo\",\"isPartOf\":{\"@id\":\"https:\\\/\\\/cleanoo.hu\\\/#website\"},\"primaryImageOfPage\":{\"@id\":\"https:\\\/\\\/cleanoo.hu\\\/index.php\\\/kapcsolat\\\/#primaryimage\"},\"image\":{\"@id\":\"https:\\\/\\\/cleanoo.hu\\\/index.php\\\/kapcsolat\\\/#primaryimage\"},\"thumbnailUrl\":\"https:\\\/\\\/cleanoo.hu\\\/wp-content\\\/uploads\\\/2025\\\/05\\\/logo-sotet-1.png\",\"datePublished\":\"2025-05-12T08:22:55+00:00\",\"dateModified\":\"2025-05-13T07:29:47+00:00\",\"breadcrumb\":{\"@id\":\"https:\\\/\\\/cleanoo.hu\\\/index.php\\\/kapcsolat\\\/#breadcrumb\"},\"inLanguage\":\"hu\",\"potentialAction\":[{\"@type\":\"ReadAction\",\"target\":[\"https:\\\/\\\/cleanoo.hu\\\/index.php\\\/kapcsolat\\\/\"]}]},{\"@type\":\"ImageObject\",\"inLanguage\":\"hu\",\"@id\":\"https:\\\/\\\/cleanoo.hu\\\/index.php\\\/kapcsolat\\\/#primaryimage\",\"url\":\"https:\\\/\\\/cleanoo.hu\\\/wp-content\\\/uploads\\\/2025\\\/05\\\/logo-sotet-1.png\",\"contentUrl\":\"https:\\\/\\\/cleanoo.hu\\\/wp-content\\\/uploads\\\/2025\\\/05\\\/logo-sotet-1.png\",\"width\":799,\"height\":599},{\"@type\":\"BreadcrumbList\",\"@id\":\"https:\\\/\\\/cleanoo.hu\\\/index.php\\\/kapcsolat\\\/#breadcrumb\",\"itemListElement\":[{\"@type\":\"ListItem\",\"position\":1,\"name\":\"Kezd\u0151lap\",\"item\":\"https:\\\/\\\/cleanoo.hu\\\/\"},{\"@type\":\"ListItem\",\"position\":2,\"name\":\"Kapcsolat\"}]},{\"@type\":\"WebSite\",\"@id\":\"https:\\\/\\\/cleanoo.hu\\\/#website\",\"url\":\"https:\\\/\\\/cleanoo.hu\\\/\",\"name\":\"Cleanoo.hu\",\"description\":\"Munkav\u00e9delmi, higi\u00e9niai term\u00e9kek \u00e9s pap\u00edr\u00e1r\u00fa forgalmaz\u00e1sa\",\"publisher\":{\"@id\":\"https:\\\/\\\/cleanoo.hu\\\/#organization\"},\"potentialAction\":[{\"@type\":\"SearchAction\",\"target\":{\"@type\":\"EntryPoint\",\"urlTemplate\":\"https:\\\/\\\/cleanoo.hu\\\/?s={search_term_string}\"},\"query-input\":{\"@type\":\"PropertyValueSpecification\",\"valueRequired\":true,\"valueName\":\"search_term_string\"}}],\"inLanguage\":\"hu\"},{\"@type\":\"Organization\",\"@id\":\"https:\\\/\\\/cleanoo.hu\\\/#organization\",\"name\":\"Cleanoo higi\u00e9niai Kft.\",\"url\":\"https:\\\/\\\/cleanoo.hu\\\/\",\"logo\":{\"@type\":\"ImageObject\",\"inLanguage\":\"hu\",\"@id\":\"https:\\\/\\\/cleanoo.hu\\\/#\\\/schema\\\/logo\\\/image\\\/\",\"url\":\"https:\\\/\\\/cleanoo.hu\\\/wp-content\\\/uploads\\\/2025\\\/04\\\/letoltes.jpg\",\"contentUrl\":\"https:\\\/\\\/cleanoo.hu\\\/wp-content\\\/uploads\\\/2025\\\/04\\\/letoltes.jpg\",\"width\":1024,\"height\":1024,\"caption\":\"Cleanoo higi\u00e9niai Kft.\"},\"image\":{\"@id\":\"https:\\\/\\\/cleanoo.hu\\\/#\\\/schema\\\/logo\\\/image\\\/\"}}]}<\/script>\n<!-- \/ Yoast SEO plugin. -->","yoast_head_json":{"title":"Kapcsolat - cleanoo","robots":{"index":"index","follow":"follow","max-snippet":"max-snippet:-1","max-image-preview":"max-image-preview:large","max-video-preview":"max-video-preview:-1"},"canonical":"https:\/\/cleanoo.hu\/index.php\/kapcsolat\/","og_locale":"hu_HU","og_type":"article","og_title":"Kapcsolat - cleanoo","og_description":"Rendel\u00e9s lead\u00e1sa: E-mailben: rendeles@cleanoo.huaz al\u00e1bbi adatok megad\u00e1s\u00e1val: \u00c9rdekl\u0151d\u00e9s: \u00c1rlist\u00e1k k\u00e9r\u00e9se, megkeres\u00e9s partneri kapcsolatra: Hal\u00e1sz Kl\u00e1ra +36703861720Term\u00e9kekkel, adatokkal kapcsolatos \u00e9rdekl\u0151d\u00e9s: info@cleanoo.hu C\u00e9gadatok: Hal\u00e1sz Kl\u00e1ra egy\u00e9ni v\u00e1llalkoz\u00f3Sz\u00e9khely: 2185 V\u00e1ckis\u00fajfalu, \u00dajtelep utca 8.Ad\u00f3sz\u00e1m: 57899590-2-33","og_url":"https:\/\/cleanoo.hu\/index.php\/kapcsolat\/","og_site_name":"cleanoo","article_modified_time":"2025-05-13T07:29:47+00:00","og_image":[{"width":799,"height":599,"url":"https:\/\/cleanoo.hu\/wp-content\/uploads\/2025\/05\/logo-sotet-1.png","type":"image\/png"}],"twitter_card":"summary_large_image","twitter_misc":{"Becs\u00fclt olvas\u00e1si id\u0151":"1 perc"},"schema":{"@context":"https:\/\/schema.org","@graph":[{"@type":"WebPage","@id":"https:\/\/cleanoo.hu\/index.php\/kapcsolat\/","url":"https:\/\/cleanoo.hu\/index.php\/kapcsolat\/","name":"Kapcsolat - cleanoo","isPartOf":{"@id":"https:\/\/cleanoo.hu\/#website"},"primaryImageOfPage":{"@id":"https:\/\/cleanoo.hu\/index.php\/kapcsolat\/#primaryimage"},"image":{"@id":"https:\/\/cleanoo.hu\/index.php\/kapcsolat\/#primaryimage"},"thumbnailUrl":"https:\/\/cleanoo.hu\/wp-content\/uploads\/2025\/05\/logo-sotet-1.png","datePublished":"2025-05-12T08:22:55+00:00","dateModified":"2025-05-13T07:29:47+00:00","breadcrumb":{"@id":"https:\/\/cleanoo.hu\/index.php\/kapcsolat\/#breadcrumb"},"inLanguage":"hu","potentialAction":[{"@type":"ReadAction","target":["https:\/\/cleanoo.hu\/index.php\/kapcsolat\/"]}]},{"@type":"ImageObject","inLanguage":"hu","@id":"https:\/\/cleanoo.hu\/index.php\/kapcsolat\/#primaryimage","url":"https:\/\/cleanoo.hu\/wp-content\/uploads\/2025\/05\/logo-sotet-1.png","contentUrl":"https:\/\/cleanoo.hu\/wp-content\/uploads\/2025\/05\/logo-sotet-1.png","width":799,"height":599},{"@type":"BreadcrumbList","@id":"https:\/\/cleanoo.hu\/index.php\/kapcsolat\/#breadcrumb","itemListElement":[{"@type":"ListItem","position":1,"name":"Kezd\u0151lap","item":"https:\/\/cleanoo.hu\/"},{"@type":"ListItem","position":2,"name":"Kapcsolat"}]},{"@type":"WebSite","@id":"https:\/\/cleanoo.hu\/#website","url":"https:\/\/cleanoo.hu\/","name":"Cleanoo.hu","description":"Munkav\u00e9delmi, higi\u00e9niai term\u00e9kek \u00e9s pap\u00edr\u00e1r\u00fa forgalmaz\u00e1sa","publisher":{"@id":"https:\/\/cleanoo.hu\/#organization"},"potentialAction":[{"@type":"SearchAction","target":{"@type":"EntryPoint","urlTemplate":"https:\/\/cleanoo.hu\/?s={search_term_string}"},"query-input":{"@type":"PropertyValueSpecification","valueRequired":true,"valueName":"search_term_string"}}],"inLanguage":"hu"},{"@type":"Organization","@id":"https:\/\/cleanoo.hu\/#organization","name":"Cleanoo higi\u00e9niai Kft.","url":"https:\/\/cleanoo.hu\/","logo":{"@type":"ImageObject","inLanguage":"hu","@id":"https:\/\/cleanoo.hu\/#\/schema\/logo\/image\/","url":"https:\/\/cleanoo.hu\/wp-content\/uploads\/2025\/04\/letoltes.jpg","contentUrl":"https:\/\/cleanoo.hu\/wp-content\/uploads\/2025\/04\/letoltes.jpg","width":1024,"height":1024,"caption":"Cleanoo higi\u00e9niai Kft."},"image":{"@id":"https:\/\/cleanoo.hu\/#\/schema\/logo\/image\/"}}]}},"_links":{"self":[{"href":"https:\/\/cleanoo.hu\/index.php\/wp-json\/wp\/v2\/pages\/48","targetHints":{"allow":["GET"]}}],"collection":[{"href":"https:\/\/cleanoo.hu\/index.php\/wp-json\/wp\/v2\/pages"}],"about":[{"href":"https:\/\/cleanoo.hu\/index.php\/wp-json\/wp\/v2\/types\/page"}],"author":[{"embeddable":true,"href":"https:\/\/cleanoo.hu\/index.php\/wp-json\/wp\/v2\/users\/2"}],"replies":[{"embeddable":true,"href":"https:\/\/cleanoo.hu\/index.php\/wp-json\/wp\/v2\/comments?post=48"}],"version-history":[{"count":6,"href":"https:\/\/cleanoo.hu\/index.php\/wp-json\/wp\/v2\/pages\/48\/revisions"}],"predecessor-version":[{"id":716,"href":"https:\/\/cleanoo.hu\/index.php\/wp-json\/wp\/v2\/pages\/48\/revisions\/716"}],"wp:attachment":[{"href":"https:\/\/cleanoo.hu\/index.php\/wp-json\/wp\/v2\/media?parent=48"}],"curies":[{"name":"wp","href":"https:\/\/api.w.org\/{rel}","templated":true}]}}