{"id":475,"date":"2025-05-09T07:09:09","date_gmt":"2025-05-09T07:09:09","guid":{"rendered":"https:\/\/cleanoo.hu\/index.php\/penztar\/"},"modified":"2025-05-09T07:09:09","modified_gmt":"2025-05-09T07:09:09","slug":"penztar","status":"publish","type":"page","link":"https:\/\/cleanoo.hu\/index.php\/penztar\/","title":{"rendered":"P\u00e9nzt\u00e1r"},"content":{"rendered":"\n<div class=\"wp-block-woocommerce-checkout alignwide wc-block-checkout is-loading\">\n<div class=\"wp-block-woocommerce-checkout-fields-block\">\n<div class=\"wp-block-woocommerce-checkout-express-payment-block\"><\/div>\n\n\n\n<div class=\"wp-block-woocommerce-checkout-contact-information-block\"><\/div>\n\n\n\n<div class=\"wp-block-woocommerce-checkout-shipping-method-block\"><\/div>\n\n\n\n<div class=\"wp-block-woocommerce-checkout-pickup-options-block\"><\/div>\n\n\n\n<div class=\"wp-block-woocommerce-checkout-shipping-address-block\"><\/div>\n\n\n\n<div class=\"wp-block-woocommerce-checkout-billing-address-block\"><\/div>\n\n\n\n<div class=\"wp-block-woocommerce-checkout-shipping-methods-block\"><\/div>\n\n\n\n<div class=\"wp-block-woocommerce-checkout-payment-block\"><\/div>\n\n\n\n<div class=\"wp-block-woocommerce-checkout-additional-information-block\"><\/div>\n\n\n\n<div class=\"wp-block-woocommerce-checkout-order-note-block\"><\/div>\n\n\n\n<div class=\"wp-block-woocommerce-checkout-terms-block\"><\/div>\n\n\n\n<div class=\"wp-block-woocommerce-checkout-actions-block\"><\/div>\n<\/div>\n\n\n\n<div class=\"wp-block-woocommerce-checkout-totals-block\">\n<div class=\"wp-block-woocommerce-checkout-order-summary-block\">\n<div class=\"wp-block-woocommerce-checkout-order-summary-cart-items-block\"><\/div>\n\n\n\n<div class=\"wp-block-woocommerce-checkout-order-summary-coupon-form-block\"><\/div>\n\n\n\n<div class=\"wp-block-woocommerce-checkout-order-summary-subtotal-block\"><\/div>\n\n\n\n<div class=\"wp-block-woocommerce-checkout-order-summary-fee-block\"><\/div>\n\n\n\n<div class=\"wp-block-woocommerce-checkout-order-summary-discount-block\"><\/div>\n\n\n\n<div class=\"wp-block-woocommerce-checkout-order-summary-shipping-block\"><\/div>\n\n\n\n<div class=\"wp-block-woocommerce-checkout-order-summary-taxes-block\"><\/div>\n<\/div>\n<\/div>\n<\/div>\n","protected":false},"excerpt":{"rendered":"","protected":false},"author":1,"featured_media":0,"parent":0,"menu_order":0,"comment_status":"closed","ping_status":"closed","template":"","meta":{"footnotes":""},"class_list":["post-475","page","type-page","status-publish","hentry"],"yoast_head":"<!-- This site is optimized with the Yoast SEO plugin v27.4 - https:\/\/yoast.com\/product\/yoast-seo-wordpress\/ -->\n<title>P\u00e9nzt\u00e1r - cleanoo<\/title>\n<meta name=\"robots\" content=\"index, follow, max-snippet:-1, max-image-preview:large, max-video-preview:-1\" \/>\n<link rel=\"canonical\" href=\"https:\/\/cleanoo.hu\/index.php\/penztar\/\" \/>\n<meta property=\"og:locale\" content=\"hu_HU\" \/>\n<meta property=\"og:type\" content=\"article\" \/>\n<meta property=\"og:title\" content=\"P\u00e9nzt\u00e1r - cleanoo\" \/>\n<meta property=\"og:url\" content=\"https:\/\/cleanoo.hu\/index.php\/penztar\/\" \/>\n<meta property=\"og:site_name\" content=\"cleanoo\" \/>\n<meta name=\"twitter:card\" content=\"summary_large_image\" \/>\n<script type=\"application\/ld+json\" class=\"yoast-schema-graph\">{\"@context\":\"https:\\\/\\\/schema.org\",\"@graph\":[{\"@type\":\"WebPage\",\"@id\":\"https:\\\/\\\/cleanoo.hu\\\/index.php\\\/penztar\\\/\",\"url\":\"https:\\\/\\\/cleanoo.hu\\\/index.php\\\/penztar\\\/\",\"name\":\"P\u00e9nzt\u00e1r - cleanoo\",\"isPartOf\":{\"@id\":\"https:\\\/\\\/cleanoo.hu\\\/#website\"},\"datePublished\":\"2025-05-09T07:09:09+00:00\",\"breadcrumb\":{\"@id\":\"https:\\\/\\\/cleanoo.hu\\\/index.php\\\/penztar\\\/#breadcrumb\"},\"inLanguage\":\"hu\",\"potentialAction\":[{\"@type\":\"ReadAction\",\"target\":[\"https:\\\/\\\/cleanoo.hu\\\/index.php\\\/penztar\\\/\"]}]},{\"@type\":\"BreadcrumbList\",\"@id\":\"https:\\\/\\\/cleanoo.hu\\\/index.php\\\/penztar\\\/#breadcrumb\",\"itemListElement\":[{\"@type\":\"ListItem\",\"position\":1,\"name\":\"Kezd\u0151lap\",\"item\":\"https:\\\/\\\/cleanoo.hu\\\/\"},{\"@type\":\"ListItem\",\"position\":2,\"name\":\"P\u00e9nzt\u00e1r\"}]},{\"@type\":\"WebSite\",\"@id\":\"https:\\\/\\\/cleanoo.hu\\\/#website\",\"url\":\"https:\\\/\\\/cleanoo.hu\\\/\",\"name\":\"Cleanoo.hu\",\"description\":\"Munkav\u00e9delmi, higi\u00e9niai term\u00e9kek \u00e9s pap\u00edr\u00e1r\u00fa forgalmaz\u00e1sa\",\"publisher\":{\"@id\":\"https:\\\/\\\/cleanoo.hu\\\/#organization\"},\"potentialAction\":[{\"@type\":\"SearchAction\",\"target\":{\"@type\":\"EntryPoint\",\"urlTemplate\":\"https:\\\/\\\/cleanoo.hu\\\/?s={search_term_string}\"},\"query-input\":{\"@type\":\"PropertyValueSpecification\",\"valueRequired\":true,\"valueName\":\"search_term_string\"}}],\"inLanguage\":\"hu\"},{\"@type\":\"Organization\",\"@id\":\"https:\\\/\\\/cleanoo.hu\\\/#organization\",\"name\":\"Cleanoo higi\u00e9niai Kft.\",\"url\":\"https:\\\/\\\/cleanoo.hu\\\/\",\"logo\":{\"@type\":\"ImageObject\",\"inLanguage\":\"hu\",\"@id\":\"https:\\\/\\\/cleanoo.hu\\\/#\\\/schema\\\/logo\\\/image\\\/\",\"url\":\"https:\\\/\\\/cleanoo.hu\\\/wp-content\\\/uploads\\\/2025\\\/04\\\/letoltes.jpg\",\"contentUrl\":\"https:\\\/\\\/cleanoo.hu\\\/wp-content\\\/uploads\\\/2025\\\/04\\\/letoltes.jpg\",\"width\":1024,\"height\":1024,\"caption\":\"Cleanoo higi\u00e9niai Kft.\"},\"image\":{\"@id\":\"https:\\\/\\\/cleanoo.hu\\\/#\\\/schema\\\/logo\\\/image\\\/\"}}]}<\/script>\n<!-- \/ Yoast SEO plugin. -->","yoast_head_json":{"title":"P\u00e9nzt\u00e1r - cleanoo","robots":{"index":"index","follow":"follow","max-snippet":"max-snippet:-1","max-image-preview":"max-image-preview:large","max-video-preview":"max-video-preview:-1"},"canonical":"https:\/\/cleanoo.hu\/index.php\/penztar\/","og_locale":"hu_HU","og_type":"article","og_title":"P\u00e9nzt\u00e1r - cleanoo","og_url":"https:\/\/cleanoo.hu\/index.php\/penztar\/","og_site_name":"cleanoo","twitter_card":"summary_large_image","schema":{"@context":"https:\/\/schema.org","@graph":[{"@type":"WebPage","@id":"https:\/\/cleanoo.hu\/index.php\/penztar\/","url":"https:\/\/cleanoo.hu\/index.php\/penztar\/","name":"P\u00e9nzt\u00e1r - cleanoo","isPartOf":{"@id":"https:\/\/cleanoo.hu\/#website"},"datePublished":"2025-05-09T07:09:09+00:00","breadcrumb":{"@id":"https:\/\/cleanoo.hu\/index.php\/penztar\/#breadcrumb"},"inLanguage":"hu","potentialAction":[{"@type":"ReadAction","target":["https:\/\/cleanoo.hu\/index.php\/penztar\/"]}]},{"@type":"BreadcrumbList","@id":"https:\/\/cleanoo.hu\/index.php\/penztar\/#breadcrumb","itemListElement":[{"@type":"ListItem","position":1,"name":"Kezd\u0151lap","item":"https:\/\/cleanoo.hu\/"},{"@type":"ListItem","position":2,"name":"P\u00e9nzt\u00e1r"}]},{"@type":"WebSite","@id":"https:\/\/cleanoo.hu\/#website","url":"https:\/\/cleanoo.hu\/","name":"Cleanoo.hu","description":"Munkav\u00e9delmi, higi\u00e9niai term\u00e9kek \u00e9s pap\u00edr\u00e1r\u00fa forgalmaz\u00e1sa","publisher":{"@id":"https:\/\/cleanoo.hu\/#organization"},"potentialAction":[{"@type":"SearchAction","target":{"@type":"EntryPoint","urlTemplate":"https:\/\/cleanoo.hu\/?s={search_term_string}"},"query-input":{"@type":"PropertyValueSpecification","valueRequired":true,"valueName":"search_term_string"}}],"inLanguage":"hu"},{"@type":"Organization","@id":"https:\/\/cleanoo.hu\/#organization","name":"Cleanoo higi\u00e9niai Kft.","url":"https:\/\/cleanoo.hu\/","logo":{"@type":"ImageObject","inLanguage":"hu","@id":"https:\/\/cleanoo.hu\/#\/schema\/logo\/image\/","url":"https:\/\/cleanoo.hu\/wp-content\/uploads\/2025\/04\/letoltes.jpg","contentUrl":"https:\/\/cleanoo.hu\/wp-content\/uploads\/2025\/04\/letoltes.jpg","width":1024,"height":1024,"caption":"Cleanoo higi\u00e9niai Kft."},"image":{"@id":"https:\/\/cleanoo.hu\/#\/schema\/logo\/image\/"}}]}},"_links":{"self":[{"href":"https:\/\/cleanoo.hu\/index.php\/wp-json\/wp\/v2\/pages\/475","targetHints":{"allow":["GET"]}}],"collection":[{"href":"https:\/\/cleanoo.hu\/index.php\/wp-json\/wp\/v2\/pages"}],"about":[{"href":"https:\/\/cleanoo.hu\/index.php\/wp-json\/wp\/v2\/types\/page"}],"author":[{"embeddable":true,"href":"https:\/\/cleanoo.hu\/index.php\/wp-json\/wp\/v2\/users\/1"}],"replies":[{"embeddable":true,"href":"https:\/\/cleanoo.hu\/index.php\/wp-json\/wp\/v2\/comments?post=475"}],"version-history":[{"count":0,"href":"https:\/\/cleanoo.hu\/index.php\/wp-json\/wp\/v2\/pages\/475\/revisions"}],"wp:attachment":[{"href":"https:\/\/cleanoo.hu\/index.php\/wp-json\/wp\/v2\/media?parent=475"}],"curies":[{"name":"wp","href":"https:\/\/api.w.org\/{rel}","templated":true}]}}